{"id":5474,"date":"2025-01-02T14:17:44","date_gmt":"2025-01-02T13:17:44","guid":{"rendered":"https:\/\/zaltech.com\/multimedia\/wideo\/"},"modified":"2025-01-02T14:17:44","modified_gmt":"2025-01-02T13:17:44","slug":"wideo","status":"publish","type":"page","link":"https:\/\/zaltech.com\/pl\/wideo\/","title":{"rendered":"Wideo"},"content":{"rendered":"","protected":false},"excerpt":{"rendered":"","protected":false},"author":1,"featured_media":561,"parent":5457,"menu_order":1,"comment_status":"closed","ping_status":"closed","template":"","meta":{"_acf_changed":false,"_seopress_robots_primary_cat":"","_seopress_titles_title":"Wideo | Zaltech \u2013 World of Spices","_seopress_titles_desc":"Salzburg po\u0142o\u017cony w sercu Austrii ma wyj\u0105tkowy krajobraz kulturowy i przyrodniczy. To kraina dobrego smaku, tak\u017ce kulinarnego. Nic wi\u0119c dziwnego, \u017ce w\u0142a\u015bnie tutaj powsta\u0142a firma, kt\u00f3ra przypisa\u0142a sobie dobry smak .\r\n\r\n","_seopress_robots_index":"","footnotes":""},"class_list":["post-5474","page","type-page","status-publish","has-post-thumbnail"],"acf":[],"_links":{"self":[{"href":"https:\/\/zaltech.com\/pl\/wp-json\/wp\/v2\/pages\/5474","targetHints":{"allow":["GET"]}}],"collection":[{"href":"https:\/\/zaltech.com\/pl\/wp-json\/wp\/v2\/pages"}],"about":[{"href":"https:\/\/zaltech.com\/pl\/wp-json\/wp\/v2\/types\/page"}],"author":[{"embeddable":true,"href":"https:\/\/zaltech.com\/pl\/wp-json\/wp\/v2\/users\/1"}],"replies":[{"embeddable":true,"href":"https:\/\/zaltech.com\/pl\/wp-json\/wp\/v2\/comments?post=5474"}],"version-history":[{"count":0,"href":"https:\/\/zaltech.com\/pl\/wp-json\/wp\/v2\/pages\/5474\/revisions"}],"up":[{"embeddable":true,"href":"https:\/\/zaltech.com\/pl\/wp-json\/wp\/v2\/pages\/5457"}],"wp:featuredmedia":[{"embeddable":true,"href":"https:\/\/zaltech.com\/pl\/wp-json\/wp\/v2\/media\/561"}],"wp:attachment":[{"href":"https:\/\/zaltech.com\/pl\/wp-json\/wp\/v2\/media?parent=5474"}],"curies":[{"name":"wp","href":"https:\/\/api.w.org\/{rel}","templated":true}]}}