{"id":5471,"date":"2025-01-02T14:16:51","date_gmt":"2025-01-02T13:16:51","guid":{"rendered":"https:\/\/zaltech.com\/branze\/produkty-typu-snack\/"},"modified":"2025-01-02T14:16:51","modified_gmt":"2025-01-02T13:16:51","slug":"produkty-typu-snack","status":"publish","type":"page","link":"https:\/\/zaltech.com\/pl\/produkty-typu-snack\/","title":{"rendered":"Produkty typu Snack"},"content":{"rendered":"","protected":false},"excerpt":{"rendered":"<p>Bogactwo przypraw z ca\u0142ego \u015bwiata to nasza pasja, po\u0142\u0105czenie rado\u015bci z \u017cycia z dobrym smakiem. Zaltech kreuje kulinarne trendy \u2013 oferuje doskonale dopasowane rozwi\u0105zania.<\/p>\n","protected":false},"author":1,"featured_media":558,"parent":5456,"menu_order":3,"comment_status":"closed","ping_status":"closed","template":"","meta":{"_acf_changed":false,"_seopress_robots_primary_cat":"","_seopress_titles_title":"Produkty typu Snack | Zaltech \u2013 World of Spices","_seopress_titles_desc":"Bogactwo przypraw z ca\u0142ego \u015bwiata to nasza pasja, po\u0142\u0105czenie rado\u015bci z \u017cycia z dobrym smakiem. Zaltech kreuje kulinarne trendy \u2013 oferuje doskonale dopasowane rozwi\u0105zania.\r\n\r\n","_seopress_robots_index":"","_seopress_analysis_target_kw":"","footnotes":""},"class_list":["post-5471","page","type-page","status-publish","has-post-thumbnail"],"acf":[],"_links":{"self":[{"href":"https:\/\/zaltech.com\/pl\/wp-json\/wp\/v2\/pages\/5471","targetHints":{"allow":["GET"]}}],"collection":[{"href":"https:\/\/zaltech.com\/pl\/wp-json\/wp\/v2\/pages"}],"about":[{"href":"https:\/\/zaltech.com\/pl\/wp-json\/wp\/v2\/types\/page"}],"author":[{"embeddable":true,"href":"https:\/\/zaltech.com\/pl\/wp-json\/wp\/v2\/users\/1"}],"replies":[{"embeddable":true,"href":"https:\/\/zaltech.com\/pl\/wp-json\/wp\/v2\/comments?post=5471"}],"version-history":[{"count":0,"href":"https:\/\/zaltech.com\/pl\/wp-json\/wp\/v2\/pages\/5471\/revisions"}],"up":[{"embeddable":true,"href":"https:\/\/zaltech.com\/pl\/wp-json\/wp\/v2\/pages\/5456"}],"wp:featuredmedia":[{"embeddable":true,"href":"https:\/\/zaltech.com\/pl\/wp-json\/wp\/v2\/media\/558"}],"wp:attachment":[{"href":"https:\/\/zaltech.com\/pl\/wp-json\/wp\/v2\/media?parent=5471"}],"curies":[{"name":"wp","href":"https:\/\/api.w.org\/{rel}","templated":true}]}}