{"id":5470,"date":"2025-01-02T14:16:50","date_gmt":"2025-01-02T13:16:50","guid":{"rendered":"https:\/\/zaltech.com\/branze\/produkty-miesne\/"},"modified":"2025-01-02T14:16:50","modified_gmt":"2025-01-02T13:16:50","slug":"produkty-miesne","status":"publish","type":"page","link":"https:\/\/zaltech.com\/pl\/wdliny\/","title":{"rendered":"Produkty mi\u0119sne"},"content":{"rendered":"","protected":false},"excerpt":{"rendered":"<p>Obszerna paleta mieszanek przyprawowych Zaltech umo\u017cliwia wszechstronne zastosowanie w produkcji r\u00f3\u017cnych rodzaj\u00f3w kie\u0142bas.<\/p>\n","protected":false},"author":1,"featured_media":552,"parent":5456,"menu_order":1,"comment_status":"closed","ping_status":"closed","template":"","meta":{"_acf_changed":false,"_seopress_robots_primary_cat":"","_seopress_titles_title":"Produkty mi\u0119sne | Zaltech \u2013 World of Spices","_seopress_titles_desc":"Obszerna paleta mieszanek przyprawowych Zaltech umo\u017cliwia ich wszechstronne zastosowanie do produkcji najr\u00f3\u017cniejszych rodzaj\u00f3w w\u0119dlin.","_seopress_robots_index":"","_seopress_analysis_target_kw":"","footnotes":""},"class_list":["post-5470","page","type-page","status-publish","has-post-thumbnail"],"acf":[],"_links":{"self":[{"href":"https:\/\/zaltech.com\/pl\/wp-json\/wp\/v2\/pages\/5470","targetHints":{"allow":["GET"]}}],"collection":[{"href":"https:\/\/zaltech.com\/pl\/wp-json\/wp\/v2\/pages"}],"about":[{"href":"https:\/\/zaltech.com\/pl\/wp-json\/wp\/v2\/types\/page"}],"author":[{"embeddable":true,"href":"https:\/\/zaltech.com\/pl\/wp-json\/wp\/v2\/users\/1"}],"replies":[{"embeddable":true,"href":"https:\/\/zaltech.com\/pl\/wp-json\/wp\/v2\/comments?post=5470"}],"version-history":[{"count":0,"href":"https:\/\/zaltech.com\/pl\/wp-json\/wp\/v2\/pages\/5470\/revisions"}],"up":[{"embeddable":true,"href":"https:\/\/zaltech.com\/pl\/wp-json\/wp\/v2\/pages\/5456"}],"wp:featuredmedia":[{"embeddable":true,"href":"https:\/\/zaltech.com\/pl\/wp-json\/wp\/v2\/media\/552"}],"wp:attachment":[{"href":"https:\/\/zaltech.com\/pl\/wp-json\/wp\/v2\/media?parent=5470"}],"curies":[{"name":"wp","href":"https:\/\/api.w.org\/{rel}","templated":true}]}}