{"id":5469,"date":"2025-01-02T14:16:49","date_gmt":"2025-01-02T13:16:49","guid":{"rendered":"https:\/\/zaltech.com\/branze\/ryby-i-owoce-morza\/"},"modified":"2025-01-02T14:16:49","modified_gmt":"2025-01-02T13:16:49","slug":"ryby-i-owoce-morza","status":"publish","type":"page","link":"https:\/\/zaltech.com\/pl\/ryby-i-owoce-morza\/","title":{"rendered":"Ryby i owoce morza"},"content":{"rendered":"","protected":false},"excerpt":{"rendered":"<p>Wybrze\u017ca, jeziora, rzeki s\u0105 \u017ar\u00f3d\u0142em r\u00f3\u017cnorodno\u015bci. Przypraw skarby przyrody Wasz\u0105 indywidualn\u0105 mieszank\u0105 od Zaltech.<\/p>\n","protected":false},"author":1,"featured_media":531,"parent":5456,"menu_order":4,"comment_status":"closed","ping_status":"closed","template":"","meta":{"_acf_changed":false,"_seopress_robots_primary_cat":"","_seopress_titles_title":"Ryby i owoce morza | Zaltech \u2013 World of Spices","_seopress_titles_desc":"Wybrze\u017ca, jeziora, rzeki s\u0105 \u017ar\u00f3d\u0142em r\u00f3\u017cnorodno\u015bci. Przyprawcie skarby przyrody Wasz\u0105 indywidualn\u0105 mieszank\u0105 od Zaltech.","_seopress_robots_index":"","_seopress_analysis_target_kw":"","footnotes":""},"class_list":["post-5469","page","type-page","status-publish","has-post-thumbnail"],"acf":[],"_links":{"self":[{"href":"https:\/\/zaltech.com\/pl\/wp-json\/wp\/v2\/pages\/5469","targetHints":{"allow":["GET"]}}],"collection":[{"href":"https:\/\/zaltech.com\/pl\/wp-json\/wp\/v2\/pages"}],"about":[{"href":"https:\/\/zaltech.com\/pl\/wp-json\/wp\/v2\/types\/page"}],"author":[{"embeddable":true,"href":"https:\/\/zaltech.com\/pl\/wp-json\/wp\/v2\/users\/1"}],"replies":[{"embeddable":true,"href":"https:\/\/zaltech.com\/pl\/wp-json\/wp\/v2\/comments?post=5469"}],"version-history":[{"count":0,"href":"https:\/\/zaltech.com\/pl\/wp-json\/wp\/v2\/pages\/5469\/revisions"}],"up":[{"embeddable":true,"href":"https:\/\/zaltech.com\/pl\/wp-json\/wp\/v2\/pages\/5456"}],"wp:featuredmedia":[{"embeddable":true,"href":"https:\/\/zaltech.com\/pl\/wp-json\/wp\/v2\/media\/531"}],"wp:attachment":[{"href":"https:\/\/zaltech.com\/pl\/wp-json\/wp\/v2\/media?parent=5469"}],"curies":[{"name":"wp","href":"https:\/\/api.w.org\/{rel}","templated":true}]}}