{"id":5468,"date":"2025-01-02T14:16:48","date_gmt":"2025-01-02T13:16:48","guid":{"rendered":"https:\/\/zaltech.com\/branze\/produkty-typu-convenience\/"},"modified":"2025-01-02T14:16:48","modified_gmt":"2025-01-02T13:16:48","slug":"produkty-typu-convenience","status":"publish","type":"page","link":"https:\/\/zaltech.com\/pl\/produkty-typu-convenience\/","title":{"rendered":"Produkty typu Convenience"},"content":{"rendered":"","protected":false},"excerpt":{"rendered":"<p>Kultura \u017cywieniowa osi\u0105gn\u0119\u0142a we wsp\u00f3\u0142czesnym spo\u0142ecze\u0144stwie nowy wymiar. Convenience Food z jednej strony, kuchnia dla smakoszy z drugiej. Mieszanki przyprawowe Zaltech s\u0105 przewidziane nie tylko na te szczeg\u00f3lne momenty \u2013 one pomog\u0105 stworzy\u0107 pe\u0142ne zmys\u0142owo\u015bci momenty dnia codziennego.<\/p>\n","protected":false},"author":1,"featured_media":528,"parent":5456,"menu_order":2,"comment_status":"closed","ping_status":"closed","template":"","meta":{"_acf_changed":false,"_seopress_robots_primary_cat":"","_seopress_titles_title":"Produkty typu Convenience | Zaltech \u2013 World of Spices","_seopress_titles_desc":"Kultura \u017cywieniowa osi\u0105gn\u0119\u0142a we wsp\u00f3\u0142czesnym spo\u0142ecze\u0144stwie nowy wymiar. Convenience Food z jednej strony, kuchnia dla smakoszy z drugiej. Mieszanki przyprawowe Zaltech...","_seopress_robots_index":"","footnotes":""},"class_list":["post-5468","page","type-page","status-publish","has-post-thumbnail"],"acf":[],"_links":{"self":[{"href":"https:\/\/zaltech.com\/pl\/wp-json\/wp\/v2\/pages\/5468","targetHints":{"allow":["GET"]}}],"collection":[{"href":"https:\/\/zaltech.com\/pl\/wp-json\/wp\/v2\/pages"}],"about":[{"href":"https:\/\/zaltech.com\/pl\/wp-json\/wp\/v2\/types\/page"}],"author":[{"embeddable":true,"href":"https:\/\/zaltech.com\/pl\/wp-json\/wp\/v2\/users\/1"}],"replies":[{"embeddable":true,"href":"https:\/\/zaltech.com\/pl\/wp-json\/wp\/v2\/comments?post=5468"}],"version-history":[{"count":0,"href":"https:\/\/zaltech.com\/pl\/wp-json\/wp\/v2\/pages\/5468\/revisions"}],"up":[{"embeddable":true,"href":"https:\/\/zaltech.com\/pl\/wp-json\/wp\/v2\/pages\/5456"}],"wp:featuredmedia":[{"embeddable":true,"href":"https:\/\/zaltech.com\/pl\/wp-json\/wp\/v2\/media\/528"}],"wp:attachment":[{"href":"https:\/\/zaltech.com\/pl\/wp-json\/wp\/v2\/media?parent=5468"}],"curies":[{"name":"wp","href":"https:\/\/api.w.org\/{rel}","templated":true}]}}