{"id":5467,"date":"2025-01-02T14:16:47","date_gmt":"2025-01-02T13:16:47","guid":{"rendered":"https:\/\/zaltech.com\/branze\/produkty-piekarnicze\/"},"modified":"2025-01-02T14:16:47","modified_gmt":"2025-01-02T13:16:47","slug":"produkty-piekarnicze","status":"publish","type":"page","link":"https:\/\/zaltech.com\/pl\/produkty-piekarnicze\/","title":{"rendered":"Produkty piekarnicze"},"content":{"rendered":"","protected":false},"excerpt":{"rendered":"<p>Jedno z najstarszych rzemios\u0142 w \u015bwiecie. Chleb to oryginalny i czysty produkt. Od ziarna do gotowego wypieku \u2013 aby osiagn\u0105\u0107 sukces \u0142\u0105czymy tradycj\u0119 i&#8230;<\/p>\n","protected":false},"author":1,"featured_media":525,"parent":5456,"menu_order":12,"comment_status":"closed","ping_status":"closed","template":"","meta":{"_acf_changed":false,"_seopress_robots_primary_cat":"","_seopress_titles_title":"Produkty piekarnicze | Zaltech \u2013 World of Spices","_seopress_titles_desc":"Jedno z najstarszych rzemios\u0142 w \u015bwiecie. Chleb to oryginalny i czysty produkt. Od ziarna do gotowego wypieku \u2013 aby osiagn\u0105\u0107 sukces \u0142\u0105czymy tradycj\u0119 i...","_seopress_robots_index":"","footnotes":""},"class_list":["post-5467","page","type-page","status-publish","has-post-thumbnail"],"acf":[],"_links":{"self":[{"href":"https:\/\/zaltech.com\/pl\/wp-json\/wp\/v2\/pages\/5467","targetHints":{"allow":["GET"]}}],"collection":[{"href":"https:\/\/zaltech.com\/pl\/wp-json\/wp\/v2\/pages"}],"about":[{"href":"https:\/\/zaltech.com\/pl\/wp-json\/wp\/v2\/types\/page"}],"author":[{"embeddable":true,"href":"https:\/\/zaltech.com\/pl\/wp-json\/wp\/v2\/users\/1"}],"replies":[{"embeddable":true,"href":"https:\/\/zaltech.com\/pl\/wp-json\/wp\/v2\/comments?post=5467"}],"version-history":[{"count":0,"href":"https:\/\/zaltech.com\/pl\/wp-json\/wp\/v2\/pages\/5467\/revisions"}],"up":[{"embeddable":true,"href":"https:\/\/zaltech.com\/pl\/wp-json\/wp\/v2\/pages\/5456"}],"wp:featuredmedia":[{"embeddable":true,"href":"https:\/\/zaltech.com\/pl\/wp-json\/wp\/v2\/media\/525"}],"wp:attachment":[{"href":"https:\/\/zaltech.com\/pl\/wp-json\/wp\/v2\/media?parent=5467"}],"curies":[{"name":"wp","href":"https:\/\/api.w.org\/{rel}","templated":true}]}}