{"id":5466,"date":"2025-01-02T14:16:16","date_gmt":"2025-01-02T13:16:16","guid":{"rendered":"https:\/\/zaltech.com\/firma\/filozofia\/"},"modified":"2025-04-29T16:01:48","modified_gmt":"2025-04-29T14:01:48","slug":"filozofia","status":"publish","type":"page","link":"https:\/\/zaltech.com\/pl\/filozofia\/","title":{"rendered":"Filozofia"},"content":{"rendered":"","protected":false},"excerpt":{"rendered":"<p>Zaltech to firma dzia\u0142aj\u0105ca globalnie w sektorze ma\u0142ej i \u015bredniej przedsi\u0119biorczo\u015bci, z udzia\u0142em eksportu si\u0119gaj\u0105cym ponad 99%. Nasze produkty trafiaj\u0105 do ponad 40 kraj\u00f3w na ca\u0142ym \u015bwiecie. Produkujemy mieszanki przyprawowe dla przemys\u0142u spo\u017cywczego. Jeste\u015bmy przy tym sprawdzonymi specjalistami przede wszystkim w dziedzinie przemys\u0142u przetw\u00f3rstwa mi\u0119snego.<\/p>\n","protected":false},"author":1,"featured_media":552,"parent":5460,"menu_order":1,"comment_status":"closed","ping_status":"closed","template":"","meta":{"_acf_changed":false,"_seopress_robots_primary_cat":"","_seopress_titles_title":"Filozofia | Zaltech \u2013 World of Spices","_seopress_titles_desc":"Zaltech to firma dzia\u0142aj\u0105ca globalnie w sektorze ma\u0142ej i \u015bredniej przedsi\u0119biorczo\u015bci, z udzia\u0142em eksportu si\u0119gaj\u0105cym ponad 99%. Nasze produkty trafiaj\u0105 do ponad 40...","_seopress_robots_index":"","footnotes":""},"class_list":["post-5466","page","type-page","status-publish","has-post-thumbnail"],"acf":[],"_links":{"self":[{"href":"https:\/\/zaltech.com\/pl\/wp-json\/wp\/v2\/pages\/5466","targetHints":{"allow":["GET"]}}],"collection":[{"href":"https:\/\/zaltech.com\/pl\/wp-json\/wp\/v2\/pages"}],"about":[{"href":"https:\/\/zaltech.com\/pl\/wp-json\/wp\/v2\/types\/page"}],"author":[{"embeddable":true,"href":"https:\/\/zaltech.com\/pl\/wp-json\/wp\/v2\/users\/1"}],"replies":[{"embeddable":true,"href":"https:\/\/zaltech.com\/pl\/wp-json\/wp\/v2\/comments?post=5466"}],"version-history":[{"count":0,"href":"https:\/\/zaltech.com\/pl\/wp-json\/wp\/v2\/pages\/5466\/revisions"}],"up":[{"embeddable":true,"href":"https:\/\/zaltech.com\/pl\/wp-json\/wp\/v2\/pages\/5460"}],"wp:featuredmedia":[{"embeddable":true,"href":"https:\/\/zaltech.com\/pl\/wp-json\/wp\/v2\/media\/552"}],"wp:attachment":[{"href":"https:\/\/zaltech.com\/pl\/wp-json\/wp\/v2\/media?parent=5466"}],"curies":[{"name":"wp","href":"https:\/\/api.w.org\/{rel}","templated":true}]}}