{"id":5464,"date":"2025-01-02T14:16:14","date_gmt":"2025-01-02T13:16:14","guid":{"rendered":"https:\/\/zaltech.com\/firma\/targi\/"},"modified":"2025-01-02T14:16:14","modified_gmt":"2025-01-02T13:16:14","slug":"targi","status":"publish","type":"page","link":"https:\/\/zaltech.com\/pl\/targi\/","title":{"rendered":"Targi"},"content":{"rendered":"","protected":false},"excerpt":{"rendered":"<p>Zaltech co roku bierze udzia\u0142 w licznych targach. Poni\u017cej znajduje si\u0119 lista wszystkich zbli\u017caj\u0105cych si\u0119 targ\u00f3w. Czekamy na Pa\u0144stwa!<\/p>\n","protected":false},"author":1,"featured_media":546,"parent":5460,"menu_order":4,"comment_status":"closed","ping_status":"closed","template":"","meta":{"_acf_changed":false,"_seopress_robots_primary_cat":"","_seopress_titles_title":"Targi | Zaltech \u2013 World of Spices","_seopress_titles_desc":"Zaltech co roku bierze udzia\u0142 w licznych targach. Poni\u017cej znajduje si\u0119 lista wszystkich zbli\u017caj\u0105cych si\u0119 targ\u00f3w. Czekamy na Pa\u0144stwa!","_seopress_robots_index":"","footnotes":""},"class_list":["post-5464","page","type-page","status-publish","has-post-thumbnail"],"acf":[],"_links":{"self":[{"href":"https:\/\/zaltech.com\/pl\/wp-json\/wp\/v2\/pages\/5464","targetHints":{"allow":["GET"]}}],"collection":[{"href":"https:\/\/zaltech.com\/pl\/wp-json\/wp\/v2\/pages"}],"about":[{"href":"https:\/\/zaltech.com\/pl\/wp-json\/wp\/v2\/types\/page"}],"author":[{"embeddable":true,"href":"https:\/\/zaltech.com\/pl\/wp-json\/wp\/v2\/users\/1"}],"replies":[{"embeddable":true,"href":"https:\/\/zaltech.com\/pl\/wp-json\/wp\/v2\/comments?post=5464"}],"version-history":[{"count":0,"href":"https:\/\/zaltech.com\/pl\/wp-json\/wp\/v2\/pages\/5464\/revisions"}],"up":[{"embeddable":true,"href":"https:\/\/zaltech.com\/pl\/wp-json\/wp\/v2\/pages\/5460"}],"wp:featuredmedia":[{"embeddable":true,"href":"https:\/\/zaltech.com\/pl\/wp-json\/wp\/v2\/media\/546"}],"wp:attachment":[{"href":"https:\/\/zaltech.com\/pl\/wp-json\/wp\/v2\/media?parent=5464"}],"curies":[{"name":"wp","href":"https:\/\/api.w.org\/{rel}","templated":true}]}}