{"id":5463,"date":"2025-01-02T14:16:12","date_gmt":"2025-01-02T13:16:12","guid":{"rendered":"https:\/\/zaltech.com\/firma\/kariera\/"},"modified":"2025-01-02T14:16:12","modified_gmt":"2025-01-02T13:16:12","slug":"kariera","status":"publish","type":"page","link":"https:\/\/zaltech.com\/pl\/kariera\/","title":{"rendered":"Kariera"},"content":{"rendered":"","protected":false},"excerpt":{"rendered":"<p>Zaczynaj\u0105c od \u015bniadania po centrum odnowy biologicznej, od nowoczesnego biura po sal\u0119 konferencyjn\u0105. Od wymiany pomys\u0142\u00f3w po Workshop \u2013 chcemy by\u0107 zespo\u0142em, rodzin\u0105 Zaltech.<\/p>\n","protected":false},"author":1,"featured_media":540,"parent":5460,"menu_order":3,"comment_status":"closed","ping_status":"closed","template":"","meta":{"_acf_changed":false,"_seopress_robots_primary_cat":"","_seopress_titles_title":"Kariera | Zaltech \u2013 World of Spices","_seopress_titles_desc":"Zaczynaj\u0105c od \u015bniadania po centrum odnowy biologicznej, od nowoczesnego biura po sal\u0119 konferencyjn\u0105. Od wymiany pomys\u0142\u00f3w po Workshop \u2013 chcemy by\u0107 zespo\u0142em, rodzin\u0105 Zaltech.\r\n\r\n","_seopress_robots_index":"","footnotes":""},"class_list":["post-5463","page","type-page","status-publish","has-post-thumbnail"],"acf":[],"_links":{"self":[{"href":"https:\/\/zaltech.com\/pl\/wp-json\/wp\/v2\/pages\/5463","targetHints":{"allow":["GET"]}}],"collection":[{"href":"https:\/\/zaltech.com\/pl\/wp-json\/wp\/v2\/pages"}],"about":[{"href":"https:\/\/zaltech.com\/pl\/wp-json\/wp\/v2\/types\/page"}],"author":[{"embeddable":true,"href":"https:\/\/zaltech.com\/pl\/wp-json\/wp\/v2\/users\/1"}],"replies":[{"embeddable":true,"href":"https:\/\/zaltech.com\/pl\/wp-json\/wp\/v2\/comments?post=5463"}],"version-history":[{"count":0,"href":"https:\/\/zaltech.com\/pl\/wp-json\/wp\/v2\/pages\/5463\/revisions"}],"up":[{"embeddable":true,"href":"https:\/\/zaltech.com\/pl\/wp-json\/wp\/v2\/pages\/5460"}],"wp:featuredmedia":[{"embeddable":true,"href":"https:\/\/zaltech.com\/pl\/wp-json\/wp\/v2\/media\/540"}],"wp:attachment":[{"href":"https:\/\/zaltech.com\/pl\/wp-json\/wp\/v2\/media?parent=5463"}],"curies":[{"name":"wp","href":"https:\/\/api.w.org\/{rel}","templated":true}]}}