{"id":5462,"date":"2025-01-02T14:16:10","date_gmt":"2025-01-02T13:16:10","guid":{"rendered":"https:\/\/zaltech.com\/firma\/glowna-siedziba\/"},"modified":"2025-04-29T15:55:08","modified_gmt":"2025-04-29T13:55:08","slug":"glowna-siedziba","status":"publish","type":"page","link":"https:\/\/zaltech.com\/pl\/siedziba-glowna\/","title":{"rendered":"G\u0142\u00f3wna siedziba"},"content":{"rendered":"","protected":false},"excerpt":{"rendered":"<p>Cel by\u0142 ambitny: wnie\u015b\u0107 dwudziestoletnie do\u015bwiadczenie firmy Zaltech, przenie\u015b\u0107 ekip\u0119 mi\u0119dzynarodowych ekspert\u00f3w, spe\u0142ni\u0107 wszystkie regu\u0142y i normy, a przy tym wybudowa\u0107 budynek, w kt\u00f3rym ludzie dobrze si\u0119 czuj\u0105, tak wewn\u0105trz jak i na zewn\u0105trz. To by\u0142o nasze zadanie. Rezultat jest widoczny w Moosdorf.<\/p>\n","protected":false},"author":1,"featured_media":534,"parent":5460,"menu_order":2,"comment_status":"closed","ping_status":"closed","template":"","meta":{"_acf_changed":false,"_seopress_robots_primary_cat":"","_seopress_titles_title":"G\u0142\u00f3wna siedziba | Zaltech \u2013 World of Spices","_seopress_titles_desc":"Cel by\u0142 ambitny: wnie\u015b\u0107 dwudziestoletnie do\u015bwiadczenie firmy Zaltech, przenie\u015b\u0107 ekip\u0119 mi\u0119dzynarodowych ekspert\u00f3w, spe\u0142ni\u0107 wszystkie regu\u0142y i normy, a przy tym...","_seopress_robots_index":"","footnotes":""},"class_list":["post-5462","page","type-page","status-publish","has-post-thumbnail"],"acf":[],"_links":{"self":[{"href":"https:\/\/zaltech.com\/pl\/wp-json\/wp\/v2\/pages\/5462","targetHints":{"allow":["GET"]}}],"collection":[{"href":"https:\/\/zaltech.com\/pl\/wp-json\/wp\/v2\/pages"}],"about":[{"href":"https:\/\/zaltech.com\/pl\/wp-json\/wp\/v2\/types\/page"}],"author":[{"embeddable":true,"href":"https:\/\/zaltech.com\/pl\/wp-json\/wp\/v2\/users\/1"}],"replies":[{"embeddable":true,"href":"https:\/\/zaltech.com\/pl\/wp-json\/wp\/v2\/comments?post=5462"}],"version-history":[{"count":0,"href":"https:\/\/zaltech.com\/pl\/wp-json\/wp\/v2\/pages\/5462\/revisions"}],"up":[{"embeddable":true,"href":"https:\/\/zaltech.com\/pl\/wp-json\/wp\/v2\/pages\/5460"}],"wp:featuredmedia":[{"embeddable":true,"href":"https:\/\/zaltech.com\/pl\/wp-json\/wp\/v2\/media\/534"}],"wp:attachment":[{"href":"https:\/\/zaltech.com\/pl\/wp-json\/wp\/v2\/media?parent=5462"}],"curies":[{"name":"wp","href":"https:\/\/api.w.org\/{rel}","templated":true}]}}