{"id":5460,"date":"2025-01-02T14:15:50","date_gmt":"2025-01-02T13:15:50","guid":{"rendered":"https:\/\/zaltech.com\/firma\/"},"modified":"2025-01-02T14:15:50","modified_gmt":"2025-01-02T13:15:50","slug":"firma","status":"publish","type":"page","link":"https:\/\/zaltech.com\/pl\/firma\/","title":{"rendered":"Firma"},"content":{"rendered":"","protected":false},"excerpt":{"rendered":"","protected":false},"author":1,"featured_media":3902,"parent":0,"menu_order":5,"comment_status":"closed","ping_status":"closed","template":"","meta":{"_acf_changed":false,"_seopress_robots_primary_cat":"","_seopress_titles_title":"Firma | Zaltech \u2013 World of Spices","_seopress_titles_desc":"Zaltech jest aktywn\u0105 na ca\u0142ym \u015bwiecie, \u015bredniej wielko\u015bci firm\u0105 z siedzib\u0105 w Austrii, kt\u00f3rej udzia\u0142 w eksporcie wynosi ponad 99%. Nasze produkty s\u0105 sprzedawane na ca\u0142ym \u015bwiecie w ponad 40...","_seopress_robots_index":"","footnotes":""},"class_list":["post-5460","page","type-page","status-publish","has-post-thumbnail"],"acf":[],"_links":{"self":[{"href":"https:\/\/zaltech.com\/pl\/wp-json\/wp\/v2\/pages\/5460","targetHints":{"allow":["GET"]}}],"collection":[{"href":"https:\/\/zaltech.com\/pl\/wp-json\/wp\/v2\/pages"}],"about":[{"href":"https:\/\/zaltech.com\/pl\/wp-json\/wp\/v2\/types\/page"}],"author":[{"embeddable":true,"href":"https:\/\/zaltech.com\/pl\/wp-json\/wp\/v2\/users\/1"}],"replies":[{"embeddable":true,"href":"https:\/\/zaltech.com\/pl\/wp-json\/wp\/v2\/comments?post=5460"}],"version-history":[{"count":0,"href":"https:\/\/zaltech.com\/pl\/wp-json\/wp\/v2\/pages\/5460\/revisions"}],"wp:featuredmedia":[{"embeddable":true,"href":"https:\/\/zaltech.com\/pl\/wp-json\/wp\/v2\/media\/3902"}],"wp:attachment":[{"href":"https:\/\/zaltech.com\/pl\/wp-json\/wp\/v2\/media?parent=5460"}],"curies":[{"name":"wp","href":"https:\/\/api.w.org\/{rel}","templated":true}]}}