{"id":5459,"date":"2025-01-02T14:15:49","date_gmt":"2025-01-02T13:15:49","guid":{"rendered":"https:\/\/zaltech.com\/surowce\/"},"modified":"2025-01-02T14:15:49","modified_gmt":"2025-01-02T13:15:49","slug":"surowce","status":"publish","type":"page","link":"https:\/\/zaltech.com\/pl\/surowce\/","title":{"rendered":"Surowce"},"content":{"rendered":"","protected":false},"excerpt":{"rendered":"","protected":false},"author":1,"featured_media":543,"parent":0,"menu_order":4,"comment_status":"closed","ping_status":"closed","template":"","meta":{"_acf_changed":false,"_seopress_robots_primary_cat":"","_seopress_titles_title":"Surowce | Zaltech \u2013 World of Spices","_seopress_titles_desc":"Gdzie ro\u015bnie najbardziej intensywny rodzaj pieprzu, najszlachetniejsza papryka, najintensywniej pachn\u0105cy majeranek? Znamy najlepsze uprawy na ca\u0142ym \u015bwiecie i \u0142\u0105czymy je z...","_seopress_robots_index":"","footnotes":""},"class_list":["post-5459","page","type-page","status-publish","has-post-thumbnail"],"acf":[],"_links":{"self":[{"href":"https:\/\/zaltech.com\/pl\/wp-json\/wp\/v2\/pages\/5459","targetHints":{"allow":["GET"]}}],"collection":[{"href":"https:\/\/zaltech.com\/pl\/wp-json\/wp\/v2\/pages"}],"about":[{"href":"https:\/\/zaltech.com\/pl\/wp-json\/wp\/v2\/types\/page"}],"author":[{"embeddable":true,"href":"https:\/\/zaltech.com\/pl\/wp-json\/wp\/v2\/users\/1"}],"replies":[{"embeddable":true,"href":"https:\/\/zaltech.com\/pl\/wp-json\/wp\/v2\/comments?post=5459"}],"version-history":[{"count":0,"href":"https:\/\/zaltech.com\/pl\/wp-json\/wp\/v2\/pages\/5459\/revisions"}],"wp:featuredmedia":[{"embeddable":true,"href":"https:\/\/zaltech.com\/pl\/wp-json\/wp\/v2\/media\/543"}],"wp:attachment":[{"href":"https:\/\/zaltech.com\/pl\/wp-json\/wp\/v2\/media?parent=5459"}],"curies":[{"name":"wp","href":"https:\/\/api.w.org\/{rel}","templated":true}]}}