{"id":5458,"date":"2025-01-02T14:15:48","date_gmt":"2025-01-02T13:15:48","guid":{"rendered":"https:\/\/zaltech.com\/produkcja\/"},"modified":"2025-01-02T14:15:48","modified_gmt":"2025-01-02T13:15:48","slug":"produkcja","status":"publish","type":"page","link":"https:\/\/zaltech.com\/pl\/produkcja\/","title":{"rendered":"Produkcja"},"content":{"rendered":"","protected":false},"excerpt":{"rendered":"","protected":false},"author":1,"featured_media":555,"parent":0,"menu_order":3,"comment_status":"closed","ping_status":"closed","template":"","meta":{"_acf_changed":false,"_seopress_robots_primary_cat":"","_seopress_titles_title":"Produkcja | Zaltech \u2013 World of Spices","_seopress_titles_desc":"Najnowocze\u015bniejsze urz\u0105dzenia gwarantuj\u0105 wysok\u0105 jako\u015b\u0107 produktu. Nasza certyfikacja zgodnie z ISO 22000:2005 gwarantuje profesjonalizm i bezpiecze\u0144stwo.","_seopress_robots_index":"","_seopress_analysis_target_kw":"","footnotes":""},"class_list":["post-5458","page","type-page","status-publish","has-post-thumbnail"],"acf":[],"_links":{"self":[{"href":"https:\/\/zaltech.com\/pl\/wp-json\/wp\/v2\/pages\/5458","targetHints":{"allow":["GET"]}}],"collection":[{"href":"https:\/\/zaltech.com\/pl\/wp-json\/wp\/v2\/pages"}],"about":[{"href":"https:\/\/zaltech.com\/pl\/wp-json\/wp\/v2\/types\/page"}],"author":[{"embeddable":true,"href":"https:\/\/zaltech.com\/pl\/wp-json\/wp\/v2\/users\/1"}],"replies":[{"embeddable":true,"href":"https:\/\/zaltech.com\/pl\/wp-json\/wp\/v2\/comments?post=5458"}],"version-history":[{"count":0,"href":"https:\/\/zaltech.com\/pl\/wp-json\/wp\/v2\/pages\/5458\/revisions"}],"wp:featuredmedia":[{"embeddable":true,"href":"https:\/\/zaltech.com\/pl\/wp-json\/wp\/v2\/media\/555"}],"wp:attachment":[{"href":"https:\/\/zaltech.com\/pl\/wp-json\/wp\/v2\/media?parent=5458"}],"curies":[{"name":"wp","href":"https:\/\/api.w.org\/{rel}","templated":true}]}}