{"id":5456,"date":"2025-01-02T14:15:46","date_gmt":"2025-01-02T13:15:46","guid":{"rendered":"https:\/\/zaltech.com\/branze\/"},"modified":"2025-01-02T14:15:46","modified_gmt":"2025-01-02T13:15:46","slug":"branze","status":"publish","type":"page","link":"https:\/\/zaltech.com\/pl\/branchen\/","title":{"rendered":"Bran\u017ce"},"content":{"rendered":"","protected":false},"excerpt":{"rendered":"","protected":false},"author":1,"featured_media":595,"parent":0,"menu_order":1,"comment_status":"closed","ping_status":"closed","template":"","meta":{"_acf_changed":false,"_seopress_robots_primary_cat":"","_seopress_titles_title":"Bran\u017ce | Zaltech \u2013 World of Spices","_seopress_titles_desc":"Szeroka gama mieszanek przyprawowych Zaltech umo\u017cliwia ich wykorzystanie w wielu r\u00f3\u017cnych zastosowaniach w r\u00f3\u017cnych bran\u017cach.","_seopress_robots_index":"","footnotes":""},"class_list":["post-5456","page","type-page","status-publish","has-post-thumbnail"],"acf":[],"_links":{"self":[{"href":"https:\/\/zaltech.com\/pl\/wp-json\/wp\/v2\/pages\/5456","targetHints":{"allow":["GET"]}}],"collection":[{"href":"https:\/\/zaltech.com\/pl\/wp-json\/wp\/v2\/pages"}],"about":[{"href":"https:\/\/zaltech.com\/pl\/wp-json\/wp\/v2\/types\/page"}],"author":[{"embeddable":true,"href":"https:\/\/zaltech.com\/pl\/wp-json\/wp\/v2\/users\/1"}],"replies":[{"embeddable":true,"href":"https:\/\/zaltech.com\/pl\/wp-json\/wp\/v2\/comments?post=5456"}],"version-history":[{"count":0,"href":"https:\/\/zaltech.com\/pl\/wp-json\/wp\/v2\/pages\/5456\/revisions"}],"wp:featuredmedia":[{"embeddable":true,"href":"https:\/\/zaltech.com\/pl\/wp-json\/wp\/v2\/media\/595"}],"wp:attachment":[{"href":"https:\/\/zaltech.com\/pl\/wp-json\/wp\/v2\/media?parent=5456"}],"curies":[{"name":"wp","href":"https:\/\/api.w.org\/{rel}","templated":true}]}}