{"id":5451,"date":"2024-04-23T07:16:26","date_gmt":"2024-04-23T05:16:26","guid":{"rendered":"https:\/\/zaltech.com\/kontakt\/"},"modified":"2026-02-04T09:13:36","modified_gmt":"2026-02-04T08:13:36","slug":"kontakt","status":"publish","type":"page","link":"https:\/\/zaltech.com\/pl\/kontakt\/","title":{"rendered":"Kontakt"},"content":{"rendered":"","protected":false},"excerpt":{"rendered":"<p>Dla nas liczy si\u0119 niezawodno\u015b\u0107, trwa\u0142o\u015b\u0107 i rzetelno\u015b\u0107. Nasze mi\u0119dzynarodowe partnerstwa zrodzi\u0142y si\u0119 z osobistych relacji. Nasz sukces opiera si\u0119 na osobistym zaanga\u017cowaniu na rzecz naszych klient\u00f3w, na zobowi\u0105zaniach wykraczaj\u0105cych poza zwyk\u0142\u0105, codzienn\u0105 dzia\u0142alno\u015b\u0107. Jeste\u015bmy otwarci na nowe spotkania i wsp\u00f3\u0142prac\u0119 z partnerami z ca\u0142ego \u015bwiata.<\/p>\n","protected":false},"author":1,"featured_media":543,"parent":5460,"menu_order":5,"comment_status":"closed","ping_status":"closed","template":"","meta":{"_acf_changed":false,"_seopress_robots_primary_cat":"","_seopress_titles_title":"Kontakt | Zaltech \u2013 World of Spices","_seopress_titles_desc":"Liczy si\u0119 dla nas niezawodno\u015b\u0107, zr\u00f3wnowa\u017cony rozw\u00f3j i jako\u015b\u0107. Nasze mi\u0119dzynarodowe partnerstwa opieraj\u0105 si\u0119 na osobistych relacjach. Nasz sukces...","_seopress_robots_index":"","footnotes":""},"class_list":["post-5451","page","type-page","status-publish","has-post-thumbnail"],"acf":[],"_links":{"self":[{"href":"https:\/\/zaltech.com\/pl\/wp-json\/wp\/v2\/pages\/5451","targetHints":{"allow":["GET"]}}],"collection":[{"href":"https:\/\/zaltech.com\/pl\/wp-json\/wp\/v2\/pages"}],"about":[{"href":"https:\/\/zaltech.com\/pl\/wp-json\/wp\/v2\/types\/page"}],"author":[{"embeddable":true,"href":"https:\/\/zaltech.com\/pl\/wp-json\/wp\/v2\/users\/1"}],"replies":[{"embeddable":true,"href":"https:\/\/zaltech.com\/pl\/wp-json\/wp\/v2\/comments?post=5451"}],"version-history":[{"count":0,"href":"https:\/\/zaltech.com\/pl\/wp-json\/wp\/v2\/pages\/5451\/revisions"}],"up":[{"embeddable":true,"href":"https:\/\/zaltech.com\/pl\/wp-json\/wp\/v2\/pages\/5460"}],"wp:featuredmedia":[{"embeddable":true,"href":"https:\/\/zaltech.com\/pl\/wp-json\/wp\/v2\/media\/543"}],"wp:attachment":[{"href":"https:\/\/zaltech.com\/pl\/wp-json\/wp\/v2\/media?parent=5451"}],"curies":[{"name":"wp","href":"https:\/\/api.w.org\/{rel}","templated":true}]}}