{"id":5443,"date":"2024-04-23T07:16:04","date_gmt":"2024-04-23T05:16:04","guid":{"rendered":"https:\/\/zaltech.com\/ochrona-danych\/"},"modified":"2025-01-30T10:10:56","modified_gmt":"2025-01-30T09:10:56","slug":"ochrona-danych","status":"publish","type":"page","link":"https:\/\/zaltech.com\/pl\/ochrona-danych\/","title":{"rendered":"Ochrona danych"},"content":{"rendered":"","protected":false},"excerpt":{"rendered":"","protected":false},"author":1,"featured_media":3939,"parent":0,"menu_order":25,"comment_status":"closed","ping_status":"closed","template":"","meta":{"_acf_changed":false,"_seopress_robots_primary_cat":"","_seopress_titles_title":"Ochrona danych | Zaltech \u2013 World of Spices","_seopress_titles_desc":"Ochrona danych jest kwesti\u0105 zaufania, a Twoje zaufanie jest dla nas wa\u017cne. Aby zapewni\u0107 Ci poczucie bezpiecze\u0144stwa podczas odwiedzania naszej strony internetowej, przestrzegamy nast\u0119puj\u0105cych zasad ochrony danych...","_seopress_robots_index":"","footnotes":""},"class_list":["post-5443","page","type-page","status-publish","has-post-thumbnail"],"acf":[],"_links":{"self":[{"href":"https:\/\/zaltech.com\/pl\/wp-json\/wp\/v2\/pages\/5443","targetHints":{"allow":["GET"]}}],"collection":[{"href":"https:\/\/zaltech.com\/pl\/wp-json\/wp\/v2\/pages"}],"about":[{"href":"https:\/\/zaltech.com\/pl\/wp-json\/wp\/v2\/types\/page"}],"author":[{"embeddable":true,"href":"https:\/\/zaltech.com\/pl\/wp-json\/wp\/v2\/users\/1"}],"replies":[{"embeddable":true,"href":"https:\/\/zaltech.com\/pl\/wp-json\/wp\/v2\/comments?post=5443"}],"version-history":[{"count":0,"href":"https:\/\/zaltech.com\/pl\/wp-json\/wp\/v2\/pages\/5443\/revisions"}],"wp:featuredmedia":[{"embeddable":true,"href":"https:\/\/zaltech.com\/pl\/wp-json\/wp\/v2\/media\/3939"}],"wp:attachment":[{"href":"https:\/\/zaltech.com\/pl\/wp-json\/wp\/v2\/media?parent=5443"}],"curies":[{"name":"wp","href":"https:\/\/api.w.org\/{rel}","templated":true}]}}