{"id":5441,"date":"2024-04-23T06:57:15","date_gmt":"2024-04-23T04:57:15","guid":{"rendered":"https:\/\/zaltech.com\/home\/"},"modified":"2025-04-29T16:01:53","modified_gmt":"2025-04-29T14:01:53","slug":"home","status":"publish","type":"page","link":"https:\/\/zaltech.com\/pl\/","title":{"rendered":"Home"},"content":{"rendered":"","protected":false},"excerpt":{"rendered":"","protected":false},"author":1,"featured_media":537,"parent":0,"menu_order":24,"comment_status":"closed","ping_status":"closed","template":"","meta":{"_acf_changed":false,"_seopress_robots_primary_cat":"","_seopress_titles_title":"Zaltech \u2013 World of Spices","_seopress_titles_desc":"Dla nas liczy si\u0119 niezawodno\u015b\u0107, trwa\u0142o\u015b\u0107 i rzetelno\u015b\u0107. Nasze mi\u0119dzynarodowe partnerstwa zrodzi\u0142y si\u0119 z osobistych relacji. Nasz sukces opiera si\u0119 na osobistym...","_seopress_robots_index":"","footnotes":""},"class_list":["post-5441","page","type-page","status-publish","has-post-thumbnail"],"acf":[],"_links":{"self":[{"href":"https:\/\/zaltech.com\/pl\/wp-json\/wp\/v2\/pages\/5441","targetHints":{"allow":["GET"]}}],"collection":[{"href":"https:\/\/zaltech.com\/pl\/wp-json\/wp\/v2\/pages"}],"about":[{"href":"https:\/\/zaltech.com\/pl\/wp-json\/wp\/v2\/types\/page"}],"author":[{"embeddable":true,"href":"https:\/\/zaltech.com\/pl\/wp-json\/wp\/v2\/users\/1"}],"replies":[{"embeddable":true,"href":"https:\/\/zaltech.com\/pl\/wp-json\/wp\/v2\/comments?post=5441"}],"version-history":[{"count":0,"href":"https:\/\/zaltech.com\/pl\/wp-json\/wp\/v2\/pages\/5441\/revisions"}],"wp:featuredmedia":[{"embeddable":true,"href":"https:\/\/zaltech.com\/pl\/wp-json\/wp\/v2\/media\/537"}],"wp:attachment":[{"href":"https:\/\/zaltech.com\/pl\/wp-json\/wp\/v2\/media?parent=5441"}],"curies":[{"name":"wp","href":"https:\/\/api.w.org\/{rel}","templated":true}]}}